{"id":792,"date":"2016-11-25T20:30:01","date_gmt":"2016-11-25T20:30:01","guid":{"rendered":"http:\/\/wp4.damuhl.hated.at\/?page_id=792"},"modified":"2025-08-13T17:53:17","modified_gmt":"2025-08-13T17:53:17","slug":"wohnung-5-zafern","status":"publish","type":"page","link":"https:\/\/haus-roswitha.at\/?page_id=792","title":{"rendered":"Wohnung 5 &#8211; Zafern"},"content":{"rendered":"<p>Abgeschlossene 4 Personenwohnung mit zwei Doppelbettschlafzimmer, DU, WC sowie eine Wohnk\u00fcche. In der Wohnung befindet sich: Bettw\u00e4sche, Dusch- und Handt\u00fccher, Safe, SAT\/TV, Radio, F\u00f6hn, 4-Platten Herd, Backrohr.<\/p>\n<p><a href=\"http:\/\/haus-roswitha.at\/wp-content\/uploads\/2016\/11\/zafern_plan.png\"><img loading=\"lazy\" decoding=\"async\" class=\"alignnone wp-image-793\" src=\"http:\/\/wp4.damuhl.hated.at\/wp-content\/uploads\/2016\/11\/zafern_plan-263x300.png\" alt=\"zafern_plan\" width=\"900\" height=\"1028\" srcset=\"https:\/\/haus-roswitha.at\/wp-content\/uploads\/2016\/11\/zafern_plan-263x300.png 263w, https:\/\/haus-roswitha.at\/wp-content\/uploads\/2016\/11\/zafern_plan-768x877.png 768w, https:\/\/haus-roswitha.at\/wp-content\/uploads\/2016\/11\/zafern_plan-896x1024.png 896w, https:\/\/haus-roswitha.at\/wp-content\/uploads\/2016\/11\/zafern_plan.png 970w\" sizes=\"auto, (max-width: 900px) 100vw, 900px\" \/><\/a><\/p>\n<p><a href=\"http:\/\/haus-roswitha.at\/wp-content\/uploads\/2020\/07\/wohnk_che_wohnung_5.jpg\"><img loading=\"lazy\" decoding=\"async\" class=\"aligncenter wp-image-1039\" src=\"http:\/\/haus-roswitha.at\/wp-content\/uploads\/2020\/07\/wohnk_che_wohnung_5-300x225.jpg\" alt=\"\" width=\"900\" height=\"675\" srcset=\"https:\/\/haus-roswitha.at\/wp-content\/uploads\/2020\/07\/wohnk_che_wohnung_5-300x225.jpg 300w, https:\/\/haus-roswitha.at\/wp-content\/uploads\/2020\/07\/wohnk_che_wohnung_5-1024x768.jpg 1024w, https:\/\/haus-roswitha.at\/wp-content\/uploads\/2020\/07\/wohnk_che_wohnung_5-768x576.jpg 768w, https:\/\/haus-roswitha.at\/wp-content\/uploads\/2020\/07\/wohnk_che_wohnung_5-1536x1152.jpg 1536w, https:\/\/haus-roswitha.at\/wp-content\/uploads\/2020\/07\/wohnk_che_wohnung_5.jpg 2048w\" sizes=\"auto, (max-width: 900px) 100vw, 900px\" \/><\/a><\/p>\n<p><a href=\"http:\/\/haus-roswitha.at\/wp-content\/uploads\/2018\/12\/IMG_5565.jpg\"><img loading=\"lazy\" decoding=\"async\" class=\"aligncenter wp-image-990\" src=\"http:\/\/haus-roswitha.at\/wp-content\/uploads\/2018\/12\/IMG_5565-300x200.jpg\" alt=\"\" width=\"900\" height=\"600\" srcset=\"https:\/\/haus-roswitha.at\/wp-content\/uploads\/2018\/12\/IMG_5565-300x200.jpg 300w, https:\/\/haus-roswitha.at\/wp-content\/uploads\/2018\/12\/IMG_5565-768x512.jpg 768w, https:\/\/haus-roswitha.at\/wp-content\/uploads\/2018\/12\/IMG_5565-1024x683.jpg 1024w, https:\/\/haus-roswitha.at\/wp-content\/uploads\/2018\/12\/IMG_5565-75x50.jpg 75w\" sizes=\"auto, (max-width: 900px) 100vw, 900px\" \/><\/a><\/p>\n<p><a href=\"http:\/\/haus-roswitha.at\/wp-content\/uploads\/2018\/12\/IMG_5574.jpg\"><img loading=\"lazy\" decoding=\"async\" class=\"aligncenter wp-image-993\" src=\"http:\/\/haus-roswitha.at\/wp-content\/uploads\/2018\/12\/IMG_5574-300x180.jpg\" alt=\"\" width=\"900\" height=\"541\" srcset=\"https:\/\/haus-roswitha.at\/wp-content\/uploads\/2018\/12\/IMG_5574-300x180.jpg 300w, https:\/\/haus-roswitha.at\/wp-content\/uploads\/2018\/12\/IMG_5574-768x461.jpg 768w, https:\/\/haus-roswitha.at\/wp-content\/uploads\/2018\/12\/IMG_5574-1024x615.jpg 1024w\" sizes=\"auto, (max-width: 900px) 100vw, 900px\" \/><\/a><\/p>\n<p><a href=\"http:\/\/haus-roswitha.at\/wp-content\/uploads\/2018\/12\/IMG_9798.jpg\"><img loading=\"lazy\" decoding=\"async\" class=\"aligncenter wp-image-994\" src=\"http:\/\/haus-roswitha.at\/wp-content\/uploads\/2018\/12\/IMG_9798-300x200.jpg\" alt=\"\" width=\"900\" height=\"600\" srcset=\"https:\/\/haus-roswitha.at\/wp-content\/uploads\/2018\/12\/IMG_9798-300x200.jpg 300w, https:\/\/haus-roswitha.at\/wp-content\/uploads\/2018\/12\/IMG_9798-768x512.jpg 768w, https:\/\/haus-roswitha.at\/wp-content\/uploads\/2018\/12\/IMG_9798-1024x683.jpg 1024w, https:\/\/haus-roswitha.at\/wp-content\/uploads\/2018\/12\/IMG_9798-75x50.jpg 75w\" sizes=\"auto, (max-width: 900px) 100vw, 900px\" \/><\/a><\/p>\n<p><a href=\"http:\/\/haus-roswitha.at\/wp-content\/uploads\/2020\/07\/dusch_u__wc__wohnung_5.jpg\"><img loading=\"lazy\" decoding=\"async\" class=\"aligncenter wp-image-1040\" src=\"http:\/\/haus-roswitha.at\/wp-content\/uploads\/2020\/07\/dusch_u__wc__wohnung_5-225x300.jpg\" alt=\"\" width=\"900\" height=\"1200\" srcset=\"https:\/\/haus-roswitha.at\/wp-content\/uploads\/2020\/07\/dusch_u__wc__wohnung_5-225x300.jpg 225w, https:\/\/haus-roswitha.at\/wp-content\/uploads\/2020\/07\/dusch_u__wc__wohnung_5-768x1024.jpg 768w, https:\/\/haus-roswitha.at\/wp-content\/uploads\/2020\/07\/dusch_u__wc__wohnung_5-1152x1536.jpg 1152w, https:\/\/haus-roswitha.at\/wp-content\/uploads\/2020\/07\/dusch_u__wc__wohnung_5.jpg 1536w\" sizes=\"auto, (max-width: 900px) 100vw, 900px\" \/><\/a><\/p>\n","protected":false},"excerpt":{"rendered":"<p>Abgeschlossene 4 Personenwohnung mit zwei Doppelbettschlafzimmer, DU, WC sowie eine Wohnk\u00fcche. In der Wohnung befindet sich: Bettw\u00e4sche, Dusch- und Handt\u00fccher, Safe, SAT\/TV, Radio, F\u00f6hn, 4-Platten Herd, Backrohr.<\/p>\n","protected":false},"author":1,"featured_media":0,"parent":0,"menu_order":0,"comment_status":"closed","ping_status":"closed","template":"","meta":{"footnotes":""},"class_list":["post-792","page","type-page","status-publish","hentry"],"_links":{"self":[{"href":"https:\/\/haus-roswitha.at\/index.php?rest_route=\/wp\/v2\/pages\/792","targetHints":{"allow":["GET"]}}],"collection":[{"href":"https:\/\/haus-roswitha.at\/index.php?rest_route=\/wp\/v2\/pages"}],"about":[{"href":"https:\/\/haus-roswitha.at\/index.php?rest_route=\/wp\/v2\/types\/page"}],"author":[{"embeddable":true,"href":"https:\/\/haus-roswitha.at\/index.php?rest_route=\/wp\/v2\/users\/1"}],"replies":[{"embeddable":true,"href":"https:\/\/haus-roswitha.at\/index.php?rest_route=%2Fwp%2Fv2%2Fcomments&post=792"}],"version-history":[{"count":13,"href":"https:\/\/haus-roswitha.at\/index.php?rest_route=\/wp\/v2\/pages\/792\/revisions"}],"predecessor-version":[{"id":1297,"href":"https:\/\/haus-roswitha.at\/index.php?rest_route=\/wp\/v2\/pages\/792\/revisions\/1297"}],"wp:attachment":[{"href":"https:\/\/haus-roswitha.at\/index.php?rest_route=%2Fwp%2Fv2%2Fmedia&parent=792"}],"curies":[{"name":"wp","href":"https:\/\/api.w.org\/{rel}","templated":true}]}}