{"id":778,"date":"2016-11-25T20:18:17","date_gmt":"2016-11-25T20:18:17","guid":{"rendered":"http:\/\/wp4.damuhl.hated.at\/?page_id=778"},"modified":"2025-08-13T17:52:41","modified_gmt":"2025-08-13T17:52:41","slug":"wohnung-4-portla","status":"publish","type":"page","link":"https:\/\/haus-roswitha.at\/?page_id=778","title":{"rendered":"Wohnung 4 &#8211; Portla"},"content":{"rendered":"<p>Abgeschlossene 5 Personenwohnung mit einem Dreibettzimmer und ein Doppelbettzimmer, DU, WC sowie ein Essraum mit einem getrennten K\u00fcchenblock. In der Wohnung befindet sich: Bettw\u00e4sche, Dusch- und Handt\u00fccher, Safe, SAT\/TV, Radio, F\u00f6hn, 4-Platten Herd ,Backrohr.<\/p>\n<p><a href=\"http:\/\/haus-roswitha.at\/wp-content\/uploads\/2016\/11\/portla_plan.png\"><img loading=\"lazy\" decoding=\"async\" class=\"alignnone wp-image-782\" src=\"http:\/\/wp4.damuhl.hated.at\/wp-content\/uploads\/2016\/11\/portla_plan-200x300.png\" alt=\"portla_plan\" width=\"900\" height=\"1348\" srcset=\"https:\/\/haus-roswitha.at\/wp-content\/uploads\/2016\/11\/portla_plan-200x300.png 200w, https:\/\/haus-roswitha.at\/wp-content\/uploads\/2016\/11\/portla_plan-684x1024.png 684w, https:\/\/haus-roswitha.at\/wp-content\/uploads\/2016\/11\/portla_plan.png 735w\" sizes=\"auto, (max-width: 900px) 100vw, 900px\" \/><\/a><\/p>\n<p><a href=\"http:\/\/haus-roswitha.at\/wp-content\/uploads\/2018\/12\/IMG_5545.jpg\"><img loading=\"lazy\" decoding=\"async\" class=\"aligncenter wp-image-976\" src=\"http:\/\/haus-roswitha.at\/wp-content\/uploads\/2018\/12\/IMG_5545-200x300.jpg\" alt=\"\" width=\"900\" height=\"1350\" srcset=\"https:\/\/haus-roswitha.at\/wp-content\/uploads\/2018\/12\/IMG_5545-200x300.jpg 200w, https:\/\/haus-roswitha.at\/wp-content\/uploads\/2018\/12\/IMG_5545-768x1152.jpg 768w, https:\/\/haus-roswitha.at\/wp-content\/uploads\/2018\/12\/IMG_5545-683x1024.jpg 683w\" sizes=\"auto, (max-width: 900px) 100vw, 900px\" \/><\/a><\/p>\n<p><a href=\"http:\/\/haus-roswitha.at\/wp-content\/uploads\/2018\/12\/IMG_5541.jpg\"><img loading=\"lazy\" decoding=\"async\" class=\"aligncenter wp-image-975\" src=\"http:\/\/haus-roswitha.at\/wp-content\/uploads\/2018\/12\/IMG_5541-300x200.jpg\" alt=\"\" width=\"900\" height=\"600\" srcset=\"https:\/\/haus-roswitha.at\/wp-content\/uploads\/2018\/12\/IMG_5541-300x200.jpg 300w, https:\/\/haus-roswitha.at\/wp-content\/uploads\/2018\/12\/IMG_5541-768x512.jpg 768w, https:\/\/haus-roswitha.at\/wp-content\/uploads\/2018\/12\/IMG_5541-1024x683.jpg 1024w, https:\/\/haus-roswitha.at\/wp-content\/uploads\/2018\/12\/IMG_5541-75x50.jpg 75w\" sizes=\"auto, (max-width: 900px) 100vw, 900px\" \/><\/a><\/p>\n<p><a href=\"http:\/\/haus-roswitha.at\/wp-content\/uploads\/2018\/12\/IMG_5548.jpg\"><img loading=\"lazy\" decoding=\"async\" class=\"aligncenter wp-image-977\" src=\"http:\/\/haus-roswitha.at\/wp-content\/uploads\/2018\/12\/IMG_5548-300x200.jpg\" alt=\"\" width=\"900\" height=\"600\" srcset=\"https:\/\/haus-roswitha.at\/wp-content\/uploads\/2018\/12\/IMG_5548-300x200.jpg 300w, https:\/\/haus-roswitha.at\/wp-content\/uploads\/2018\/12\/IMG_5548-768x512.jpg 768w, https:\/\/haus-roswitha.at\/wp-content\/uploads\/2018\/12\/IMG_5548-1024x683.jpg 1024w, https:\/\/haus-roswitha.at\/wp-content\/uploads\/2018\/12\/IMG_5548-75x50.jpg 75w\" sizes=\"auto, (max-width: 900px) 100vw, 900px\" \/><\/a><\/p>\n<p><a href=\"http:\/\/haus-roswitha.at\/wp-content\/uploads\/2018\/12\/IMG_5550.jpg\"><img loading=\"lazy\" decoding=\"async\" class=\"aligncenter wp-image-978\" src=\"http:\/\/haus-roswitha.at\/wp-content\/uploads\/2018\/12\/IMG_5550-300x200.jpg\" alt=\"\" width=\"900\" height=\"600\" srcset=\"https:\/\/haus-roswitha.at\/wp-content\/uploads\/2018\/12\/IMG_5550-300x200.jpg 300w, https:\/\/haus-roswitha.at\/wp-content\/uploads\/2018\/12\/IMG_5550-768x512.jpg 768w, https:\/\/haus-roswitha.at\/wp-content\/uploads\/2018\/12\/IMG_5550-1024x683.jpg 1024w, https:\/\/haus-roswitha.at\/wp-content\/uploads\/2018\/12\/IMG_5550-75x50.jpg 75w\" sizes=\"auto, (max-width: 900px) 100vw, 900px\" \/><\/a><\/p>\n<p><a href=\"http:\/\/haus-roswitha.at\/wp-content\/uploads\/2018\/12\/IMG_5559.jpg\"><img loading=\"lazy\" decoding=\"async\" class=\"aligncenter wp-image-974\" src=\"http:\/\/haus-roswitha.at\/wp-content\/uploads\/2018\/12\/IMG_5559-300x200.jpg\" alt=\"\" width=\"900\" height=\"600\" srcset=\"https:\/\/haus-roswitha.at\/wp-content\/uploads\/2018\/12\/IMG_5559-300x200.jpg 300w, https:\/\/haus-roswitha.at\/wp-content\/uploads\/2018\/12\/IMG_5559-768x512.jpg 768w, https:\/\/haus-roswitha.at\/wp-content\/uploads\/2018\/12\/IMG_5559-1024x683.jpg 1024w, https:\/\/haus-roswitha.at\/wp-content\/uploads\/2018\/12\/IMG_5559-75x50.jpg 75w\" sizes=\"auto, (max-width: 900px) 100vw, 900px\" \/><\/a><\/p>\n<p><a href=\"http:\/\/haus-roswitha.at\/wp-content\/uploads\/2018\/12\/IMG_5556.jpg\"><img loading=\"lazy\" decoding=\"async\" class=\"aligncenter wp-image-979\" src=\"http:\/\/haus-roswitha.at\/wp-content\/uploads\/2018\/12\/IMG_5556-300x161.jpg\" alt=\"\" width=\"900\" height=\"483\" srcset=\"https:\/\/haus-roswitha.at\/wp-content\/uploads\/2018\/12\/IMG_5556-300x161.jpg 300w, https:\/\/haus-roswitha.at\/wp-content\/uploads\/2018\/12\/IMG_5556-768x412.jpg 768w, https:\/\/haus-roswitha.at\/wp-content\/uploads\/2018\/12\/IMG_5556-1024x550.jpg 1024w\" sizes=\"auto, (max-width: 900px) 100vw, 900px\" \/><\/a><\/p>\n","protected":false},"excerpt":{"rendered":"<p>Abgeschlossene 5 Personenwohnung mit einem Dreibettzimmer und ein Doppelbettzimmer, DU, WC sowie ein Essraum mit einem getrennten K\u00fcchenblock. In der Wohnung befindet sich: Bettw\u00e4sche, Dusch- und Handt\u00fccher, Safe, SAT\/TV, Radio, F\u00f6hn, 4-Platten Herd ,Backrohr.<\/p>\n","protected":false},"author":1,"featured_media":0,"parent":0,"menu_order":0,"comment_status":"closed","ping_status":"closed","template":"","meta":{"footnotes":""},"class_list":["post-778","page","type-page","status-publish","hentry"],"_links":{"self":[{"href":"https:\/\/haus-roswitha.at\/index.php?rest_route=\/wp\/v2\/pages\/778","targetHints":{"allow":["GET"]}}],"collection":[{"href":"https:\/\/haus-roswitha.at\/index.php?rest_route=\/wp\/v2\/pages"}],"about":[{"href":"https:\/\/haus-roswitha.at\/index.php?rest_route=\/wp\/v2\/types\/page"}],"author":[{"embeddable":true,"href":"https:\/\/haus-roswitha.at\/index.php?rest_route=\/wp\/v2\/users\/1"}],"replies":[{"embeddable":true,"href":"https:\/\/haus-roswitha.at\/index.php?rest_route=%2Fwp%2Fv2%2Fcomments&post=778"}],"version-history":[{"count":15,"href":"https:\/\/haus-roswitha.at\/index.php?rest_route=\/wp\/v2\/pages\/778\/revisions"}],"predecessor-version":[{"id":1296,"href":"https:\/\/haus-roswitha.at\/index.php?rest_route=\/wp\/v2\/pages\/778\/revisions\/1296"}],"wp:attachment":[{"href":"https:\/\/haus-roswitha.at\/index.php?rest_route=%2Fwp%2Fv2%2Fmedia&parent=778"}],"curies":[{"name":"wp","href":"https:\/\/api.w.org\/{rel}","templated":true}]}}