{"id":492,"date":"2016-11-19T14:30:40","date_gmt":"2016-11-19T14:30:40","guid":{"rendered":"http:\/\/wp4.damuhl.hated.at\/?page_id=492"},"modified":"2018-12-31T18:49:09","modified_gmt":"2018-12-31T18:49:09","slug":"links","status":"publish","type":"page","link":"https:\/\/haus-roswitha.at\/?page_id=492","title":{"rendered":"Links"},"content":{"rendered":"<p>&nbsp;<\/p>\n<ul>\n<li><a href=\"https:\/\/www.damuels.travel\/de\" target=\"_blank\" rel=\"noopener\">Dam\u00fcls<\/a><\/li>\n<\/ul>\n<ul>\n<li><a href=\"https:\/\/www.damuels-mellau.at\/de\" target=\"_blank\" rel=\"noopener\">Seilbahnen Dam\u00fcls-Mellau<\/a><\/li>\n<\/ul>\n<ul>\n<li><a href=\"https:\/\/www.damuels-mellau.at\/de\/winter\/skischule\" target=\"_blank\" rel=\"noopener\">Schischule Dam\u00fcls<\/a><\/li>\n<\/ul>\n<ul>\n<li><a href=\"http:\/\/sport-madlener.at\/\" target=\"_blank\" rel=\"noopener\">Sport Madlener Dam\u00fcls<\/a><\/li>\n<\/ul>\n<ul>\n<li><a href=\"http:\/\/www.das-seil.at\/\" target=\"_blank\" rel=\"noopener\">Waldseilgarten Dam\u00fcls<\/a><\/li>\n<\/ul>\n<ul>\n<li><a href=\"https:\/\/www.bregenzerwald.at\/\" target=\"_blank\" rel=\"noopener\">Bregenzerwald<\/a><\/li>\n<\/ul>\n<ul>\n<li><a href=\"https:\/\/www.kaesestrasse.at\/\" target=\"_blank\" rel=\"noopener\">K\u00e4se Strasse Bregenzerwald<\/a><\/li>\n<\/ul>\n<ul>\n<li><a href=\"http:\/\/www.grosseswalsertal.at\/\" target=\"_blank\" rel=\"noopener\">Gro\u00dfes Walsertal<\/a><\/li>\n<\/ul>\n<p>&nbsp;<\/p>\n","protected":false},"excerpt":{"rendered":"<p>&nbsp; Dam\u00fcls Seilbahnen Dam\u00fcls-Mellau Schischule Dam\u00fcls Sport Madlener Dam\u00fcls Waldseilgarten Dam\u00fcls Bregenzerwald K\u00e4se Strasse Bregenzerwald Gro\u00dfes Walsertal &nbsp;<\/p>\n","protected":false},"author":1,"featured_media":0,"parent":0,"menu_order":0,"comment_status":"closed","ping_status":"closed","template":"template-full-width.php","meta":{"footnotes":""},"class_list":["post-492","page","type-page","status-publish","hentry"],"_links":{"self":[{"href":"https:\/\/haus-roswitha.at\/index.php?rest_route=\/wp\/v2\/pages\/492","targetHints":{"allow":["GET"]}}],"collection":[{"href":"https:\/\/haus-roswitha.at\/index.php?rest_route=\/wp\/v2\/pages"}],"about":[{"href":"https:\/\/haus-roswitha.at\/index.php?rest_route=\/wp\/v2\/types\/page"}],"author":[{"embeddable":true,"href":"https:\/\/haus-roswitha.at\/index.php?rest_route=\/wp\/v2\/users\/1"}],"replies":[{"embeddable":true,"href":"https:\/\/haus-roswitha.at\/index.php?rest_route=%2Fwp%2Fv2%2Fcomments&post=492"}],"version-history":[{"count":18,"href":"https:\/\/haus-roswitha.at\/index.php?rest_route=\/wp\/v2\/pages\/492\/revisions"}],"predecessor-version":[{"id":1013,"href":"https:\/\/haus-roswitha.at\/index.php?rest_route=\/wp\/v2\/pages\/492\/revisions\/1013"}],"wp:attachment":[{"href":"https:\/\/haus-roswitha.at\/index.php?rest_route=%2Fwp%2Fv2%2Fmedia&parent=492"}],"curies":[{"name":"wp","href":"https:\/\/api.w.org\/{rel}","templated":true}]}}