{"id":489,"date":"2016-11-19T14:28:47","date_gmt":"2016-11-19T14:28:47","guid":{"rendered":"http:\/\/wp4.damuhl.hated.at\/?page_id=489"},"modified":"2025-08-13T17:48:46","modified_gmt":"2025-08-13T17:48:46","slug":"anreise","status":"publish","type":"page","link":"https:\/\/haus-roswitha.at\/?page_id=489","title":{"rendered":"Anreise"},"content":{"rendered":"<div class=\"box10\">Anreise via online \u2013 <a title=\"Routenplaner\" href=\"http:\/\/www.falk.de\/routenplaner\" target=\"_blank\" rel=\"noopener\">Routenplaner<\/a><\/div>\n<div class=\"box11\"><\/div>\n<div class=\"box12\"><\/div>\n<p>Von Deutschland \u00fcber Lindau \u2013 Bregenz \u2013 Bregenzerwald \u2013 Au \u2013 Dam\u00fcls.<br \/>\nVon der Schweiz \u00fcber Sargans oder St. Gallen nach Feldkirch \u2013 Th\u00fcringen \u2013 Gro\u00dfes Walsertal \u2013 Dam\u00fcls.<br \/>\nVon Salzburg (\u00d6sterreich) her kommend \u00fcber Innsbruck \u2013 Arlberg \u2013 Bludenz \u2013 Ludesch \u2013 Gro\u00dfes Walsertal \u2013 Dam\u00fcls.<\/p>\n<p>BITTE BEACHTEN SIE, DASS EINE ANREISE \u00dcBER DAS FURKAJOCH IM WINTER NICHT M\u00d6GLICH IST (<strong>WINTERSPERRE<\/strong>)!<\/p>\n<p><a href=\"http:\/\/haus-roswitha.at\/wp-content\/uploads\/2016\/11\/Verkehrsspinne-Damuels-1.png\"><img loading=\"lazy\" decoding=\"async\" class=\"alignnone wp-image-710\" src=\"http:\/\/wp4.damuhl.hated.at\/wp-content\/uploads\/2016\/11\/Verkehrsspinne-Damuels-1-300x290.png\" alt=\"verkehrsspinne-damuels-1\" width=\"1000\" height=\"965\" srcset=\"https:\/\/haus-roswitha.at\/wp-content\/uploads\/2016\/11\/Verkehrsspinne-Damuels-1-300x290.png 300w, https:\/\/haus-roswitha.at\/wp-content\/uploads\/2016\/11\/Verkehrsspinne-Damuels-1-768x741.png 768w, https:\/\/haus-roswitha.at\/wp-content\/uploads\/2016\/11\/Verkehrsspinne-Damuels-1-1024x988.png 1024w, https:\/\/haus-roswitha.at\/wp-content\/uploads\/2016\/11\/Verkehrsspinne-Damuels-1.png 1143w\" sizes=\"auto, (max-width: 1000px) 100vw, 1000px\" \/><\/a><\/p>\n","protected":false},"excerpt":{"rendered":"<p>Anreise via online \u2013 Routenplaner Von Deutschland \u00fcber Lindau \u2013 Bregenz \u2013 Bregenzerwald \u2013 Au \u2013 Dam\u00fcls. Von der Schweiz \u00fcber Sargans oder St. Gallen nach Feldkirch \u2013 Th\u00fcringen \u2013 Gro\u00dfes Walsertal \u2013 Dam\u00fcls. Von Salzburg (\u00d6sterreich) her kommend \u00fcber Innsbruck \u2013 Arlberg \u2013 Bludenz \u2013 Ludesch \u2013 Gro\u00dfes Walsertal \u2013 Dam\u00fcls. BITTE BEACHTEN SIE, [&hellip;]<\/p>\n","protected":false},"author":1,"featured_media":0,"parent":0,"menu_order":0,"comment_status":"closed","ping_status":"closed","template":"template-full-width.php","meta":{"footnotes":""},"class_list":["post-489","page","type-page","status-publish","hentry"],"_links":{"self":[{"href":"https:\/\/haus-roswitha.at\/index.php?rest_route=\/wp\/v2\/pages\/489","targetHints":{"allow":["GET"]}}],"collection":[{"href":"https:\/\/haus-roswitha.at\/index.php?rest_route=\/wp\/v2\/pages"}],"about":[{"href":"https:\/\/haus-roswitha.at\/index.php?rest_route=\/wp\/v2\/types\/page"}],"author":[{"embeddable":true,"href":"https:\/\/haus-roswitha.at\/index.php?rest_route=\/wp\/v2\/users\/1"}],"replies":[{"embeddable":true,"href":"https:\/\/haus-roswitha.at\/index.php?rest_route=%2Fwp%2Fv2%2Fcomments&post=489"}],"version-history":[{"count":10,"href":"https:\/\/haus-roswitha.at\/index.php?rest_route=\/wp\/v2\/pages\/489\/revisions"}],"predecessor-version":[{"id":1293,"href":"https:\/\/haus-roswitha.at\/index.php?rest_route=\/wp\/v2\/pages\/489\/revisions\/1293"}],"wp:attachment":[{"href":"https:\/\/haus-roswitha.at\/index.php?rest_route=%2Fwp%2Fv2%2Fmedia&parent=489"}],"curies":[{"name":"wp","href":"https:\/\/api.w.org\/{rel}","templated":true}]}}