{"id":440,"date":"2015-09-12T18:35:00","date_gmt":"2015-09-12T18:35:00","guid":{"rendered":"http:\/\/wp4.damuhl.hated.at\/?page_id=440"},"modified":"2025-08-13T17:56:43","modified_gmt":"2025-08-13T17:56:43","slug":"wellness","status":"publish","type":"page","link":"https:\/\/haus-roswitha.at\/?page_id=440","title":{"rendered":"Wellness"},"content":{"rendered":"<p>Unser Relaxbereich umfasst eine Sauna und einen Ruheraum und stellt damit die ideale M\u00f6glichkeit dar, nach einem Schitag oder einer Wanderung zu regenerieren, Kraft zu sch\u00f6pfen oder ganz einfach mit der Seele zu baumeln. Hand- und Saunat\u00fccher inklusive.<br \/>\n<strong>\u00d6ffnungszeiten: 16.00-18.30 Uhr<\/strong><\/p>\n<p><a href=\"http:\/\/haus-roswitha.at\/wp-content\/uploads\/2022\/07\/IMG_20211127_143509-2.jpg\"><img loading=\"lazy\" decoding=\"async\" class=\"alignnone wp-image-1138\" src=\"http:\/\/haus-roswitha.at\/wp-content\/uploads\/2022\/07\/IMG_20211127_143509-2.jpg\" alt=\"\" width=\"585\" height=\"780\" srcset=\"https:\/\/haus-roswitha.at\/wp-content\/uploads\/2022\/07\/IMG_20211127_143509-2.jpg 600w, https:\/\/haus-roswitha.at\/wp-content\/uploads\/2022\/07\/IMG_20211127_143509-2-225x300.jpg 225w\" sizes=\"auto, (max-width: 585px) 100vw, 585px\" \/><\/a><a href=\"http:\/\/haus-roswitha.at\/wp-content\/uploads\/2022\/07\/IMG_20211127_143437-4.jpg\"><img loading=\"lazy\" decoding=\"async\" class=\"alignnone wp-image-1131\" src=\"http:\/\/haus-roswitha.at\/wp-content\/uploads\/2022\/07\/IMG_20211127_143437-4.jpg\" alt=\"\" width=\"585\" height=\"780\" srcset=\"https:\/\/haus-roswitha.at\/wp-content\/uploads\/2022\/07\/IMG_20211127_143437-4.jpg 600w, https:\/\/haus-roswitha.at\/wp-content\/uploads\/2022\/07\/IMG_20211127_143437-4-225x300.jpg 225w\" sizes=\"auto, (max-width: 585px) 100vw, 585px\" \/><\/a><\/p>\n<p><a href=\"http:\/\/haus-roswitha.at\/wp-content\/uploads\/2015\/09\/3_wellness.jpg\"><img loading=\"lazy\" decoding=\"async\" class=\"alignnone wp-image-726 size-full\" src=\"http:\/\/haus-roswitha.at\/wp-content\/uploads\/2015\/09\/3_wellness.jpg\" alt=\"3_wellness\" width=\"1200\" height=\"802\" srcset=\"https:\/\/haus-roswitha.at\/wp-content\/uploads\/2015\/09\/3_wellness.jpg 1200w, https:\/\/haus-roswitha.at\/wp-content\/uploads\/2015\/09\/3_wellness-300x201.jpg 300w, https:\/\/haus-roswitha.at\/wp-content\/uploads\/2015\/09\/3_wellness-768x513.jpg 768w, https:\/\/haus-roswitha.at\/wp-content\/uploads\/2015\/09\/3_wellness-1024x684.jpg 1024w, https:\/\/haus-roswitha.at\/wp-content\/uploads\/2015\/09\/3_wellness-75x50.jpg 75w\" sizes=\"auto, (max-width: 1200px) 100vw, 1200px\" \/><\/a><\/p>\n<p><a href=\"http:\/\/haus-roswitha.at\/wp-content\/uploads\/2015\/09\/4_wellness.jpg\"><img loading=\"lazy\" decoding=\"async\" class=\"alignnone wp-image-727 size-full\" src=\"http:\/\/haus-roswitha.at\/wp-content\/uploads\/2015\/09\/4_wellness.jpg\" alt=\"4_wellness\" width=\"1200\" height=\"800\" srcset=\"https:\/\/haus-roswitha.at\/wp-content\/uploads\/2015\/09\/4_wellness.jpg 1200w, https:\/\/haus-roswitha.at\/wp-content\/uploads\/2015\/09\/4_wellness-300x200.jpg 300w, https:\/\/haus-roswitha.at\/wp-content\/uploads\/2015\/09\/4_wellness-768x512.jpg 768w, https:\/\/haus-roswitha.at\/wp-content\/uploads\/2015\/09\/4_wellness-1024x683.jpg 1024w, https:\/\/haus-roswitha.at\/wp-content\/uploads\/2015\/09\/4_wellness-75x50.jpg 75w\" sizes=\"auto, (max-width: 1200px) 100vw, 1200px\" \/><\/a><\/p>\n<p><a href=\"http:\/\/haus-roswitha.at\/wp-content\/uploads\/2015\/09\/5_wellness.jpg\"><img loading=\"lazy\" decoding=\"async\" class=\"alignnone wp-image-728 size-full\" src=\"http:\/\/haus-roswitha.at\/wp-content\/uploads\/2015\/09\/5_wellness.jpg\" alt=\"5_wellness\" width=\"1200\" height=\"800\" srcset=\"https:\/\/haus-roswitha.at\/wp-content\/uploads\/2015\/09\/5_wellness.jpg 1200w, https:\/\/haus-roswitha.at\/wp-content\/uploads\/2015\/09\/5_wellness-300x200.jpg 300w, https:\/\/haus-roswitha.at\/wp-content\/uploads\/2015\/09\/5_wellness-768x512.jpg 768w, https:\/\/haus-roswitha.at\/wp-content\/uploads\/2015\/09\/5_wellness-1024x683.jpg 1024w, https:\/\/haus-roswitha.at\/wp-content\/uploads\/2015\/09\/5_wellness-75x50.jpg 75w\" sizes=\"auto, (max-width: 1200px) 100vw, 1200px\" \/><\/a><\/p>\n","protected":false},"excerpt":{"rendered":"<p>Unser Relaxbereich umfasst eine Sauna und einen Ruheraum und stellt damit die ideale M\u00f6glichkeit dar, nach einem Schitag oder einer Wanderung zu regenerieren, Kraft zu sch\u00f6pfen oder ganz einfach mit der Seele zu baumeln. Hand- und Saunat\u00fccher inklusive. \u00d6ffnungszeiten: 16.00-18.30 Uhr<\/p>\n","protected":false},"author":1,"featured_media":0,"parent":0,"menu_order":0,"comment_status":"closed","ping_status":"closed","template":"template-full-width.php","meta":{"footnotes":""},"class_list":["post-440","page","type-page","status-publish","hentry"],"_links":{"self":[{"href":"https:\/\/haus-roswitha.at\/index.php?rest_route=\/wp\/v2\/pages\/440","targetHints":{"allow":["GET"]}}],"collection":[{"href":"https:\/\/haus-roswitha.at\/index.php?rest_route=\/wp\/v2\/pages"}],"about":[{"href":"https:\/\/haus-roswitha.at\/index.php?rest_route=\/wp\/v2\/types\/page"}],"author":[{"embeddable":true,"href":"https:\/\/haus-roswitha.at\/index.php?rest_route=\/wp\/v2\/users\/1"}],"replies":[{"embeddable":true,"href":"https:\/\/haus-roswitha.at\/index.php?rest_route=%2Fwp%2Fv2%2Fcomments&post=440"}],"version-history":[{"count":58,"href":"https:\/\/haus-roswitha.at\/index.php?rest_route=\/wp\/v2\/pages\/440\/revisions"}],"predecessor-version":[{"id":1299,"href":"https:\/\/haus-roswitha.at\/index.php?rest_route=\/wp\/v2\/pages\/440\/revisions\/1299"}],"wp:attachment":[{"href":"https:\/\/haus-roswitha.at\/index.php?rest_route=%2Fwp%2Fv2%2Fmedia&parent=440"}],"curies":[{"name":"wp","href":"https:\/\/api.w.org\/{rel}","templated":true}]}}