{"id":427,"date":"2015-09-11T19:06:04","date_gmt":"2015-09-11T19:06:04","guid":{"rendered":"http:\/\/wp4.damuhl.hated.at\/?page_id=427"},"modified":"2025-08-13T17:51:06","modified_gmt":"2025-08-13T17:51:06","slug":"wohnung-1","status":"publish","type":"page","link":"https:\/\/haus-roswitha.at\/?page_id=427","title":{"rendered":"Wohung 2 &#8211; Ragaz"},"content":{"rendered":"<p>Abgeschlossene 4 Personenwohnung mit zwei Doppelbettzimmer, DU, WC sowie eine Wohnk\u00fcche. In der Wohnung befindet sich: Bettw\u00e4sche, Dusch- und Handt\u00fccher, Safe, SAT\/TV, Radio, F\u00f6hn ,4-Platten Herd, Backrohr.<\/p>\n<p><a href=\"http:\/\/haus-roswitha.at\/wp-content\/uploads\/2015\/09\/ragaza_plan-1.png\"><img loading=\"lazy\" decoding=\"async\" class=\"alignnone wp-image-742\" src=\"http:\/\/wp4.damuhl.hated.at\/wp-content\/uploads\/2015\/09\/ragaza_plan-1.png\" alt=\"ragaza_plan\" width=\"900\" height=\"703\" srcset=\"https:\/\/haus-roswitha.at\/wp-content\/uploads\/2015\/09\/ragaza_plan-1.png 1281w, https:\/\/haus-roswitha.at\/wp-content\/uploads\/2015\/09\/ragaza_plan-1-300x234.png 300w, https:\/\/haus-roswitha.at\/wp-content\/uploads\/2015\/09\/ragaza_plan-1-768x600.png 768w, https:\/\/haus-roswitha.at\/wp-content\/uploads\/2015\/09\/ragaza_plan-1-1024x799.png 1024w\" sizes=\"auto, (max-width: 900px) 100vw, 900px\" \/><\/a><\/p>\n<p><a href=\"http:\/\/haus-roswitha.at\/wp-content\/uploads\/2018\/12\/IMG_5463.jpg\"><img loading=\"lazy\" decoding=\"async\" class=\"aligncenter wp-image-930\" src=\"http:\/\/haus-roswitha.at\/wp-content\/uploads\/2018\/12\/IMG_5463-300x153.jpg\" alt=\"\" width=\"900\" height=\"460\" srcset=\"https:\/\/haus-roswitha.at\/wp-content\/uploads\/2018\/12\/IMG_5463-300x153.jpg 300w, https:\/\/haus-roswitha.at\/wp-content\/uploads\/2018\/12\/IMG_5463-768x392.jpg 768w, https:\/\/haus-roswitha.at\/wp-content\/uploads\/2018\/12\/IMG_5463-1024x523.jpg 1024w\" sizes=\"auto, (max-width: 900px) 100vw, 900px\" \/><\/a><\/p>\n<p><a href=\"http:\/\/haus-roswitha.at\/wp-content\/uploads\/2018\/12\/IMG_5468.jpg\"><img loading=\"lazy\" decoding=\"async\" class=\"aligncenter wp-image-931\" src=\"http:\/\/haus-roswitha.at\/wp-content\/uploads\/2018\/12\/IMG_5468-300x163.jpg\" alt=\"\" width=\"900\" height=\"490\" srcset=\"https:\/\/haus-roswitha.at\/wp-content\/uploads\/2018\/12\/IMG_5468-300x163.jpg 300w, https:\/\/haus-roswitha.at\/wp-content\/uploads\/2018\/12\/IMG_5468-768x418.jpg 768w, https:\/\/haus-roswitha.at\/wp-content\/uploads\/2018\/12\/IMG_5468-1024x557.jpg 1024w\" sizes=\"auto, (max-width: 900px) 100vw, 900px\" \/><\/a><\/p>\n<p><a href=\"http:\/\/haus-roswitha.at\/wp-content\/uploads\/2020\/07\/img_20191009_131049.jpg\"><img loading=\"lazy\" decoding=\"async\" class=\"aligncenter wp-image-1037\" src=\"http:\/\/haus-roswitha.at\/wp-content\/uploads\/2020\/07\/img_20191009_131049-300x225.jpg\" alt=\"\" width=\"900\" height=\"675\" srcset=\"https:\/\/haus-roswitha.at\/wp-content\/uploads\/2020\/07\/img_20191009_131049-300x225.jpg 300w, https:\/\/haus-roswitha.at\/wp-content\/uploads\/2020\/07\/img_20191009_131049-1024x768.jpg 1024w, https:\/\/haus-roswitha.at\/wp-content\/uploads\/2020\/07\/img_20191009_131049-768x576.jpg 768w, https:\/\/haus-roswitha.at\/wp-content\/uploads\/2020\/07\/img_20191009_131049-1536x1152.jpg 1536w, https:\/\/haus-roswitha.at\/wp-content\/uploads\/2020\/07\/img_20191009_131049.jpg 2048w\" sizes=\"auto, (max-width: 900px) 100vw, 900px\" \/><\/a><\/p>\n<p><a href=\"http:\/\/haus-roswitha.at\/wp-content\/uploads\/2020\/07\/img_20191009_130819.jpg\"><img loading=\"lazy\" decoding=\"async\" class=\"aligncenter wp-image-1038\" src=\"http:\/\/haus-roswitha.at\/wp-content\/uploads\/2020\/07\/img_20191009_130819-300x225.jpg\" alt=\"\" width=\"900\" height=\"675\" srcset=\"https:\/\/haus-roswitha.at\/wp-content\/uploads\/2020\/07\/img_20191009_130819-300x225.jpg 300w, https:\/\/haus-roswitha.at\/wp-content\/uploads\/2020\/07\/img_20191009_130819-1024x768.jpg 1024w, https:\/\/haus-roswitha.at\/wp-content\/uploads\/2020\/07\/img_20191009_130819-768x576.jpg 768w, https:\/\/haus-roswitha.at\/wp-content\/uploads\/2020\/07\/img_20191009_130819-1536x1152.jpg 1536w, https:\/\/haus-roswitha.at\/wp-content\/uploads\/2020\/07\/img_20191009_130819.jpg 2048w\" sizes=\"auto, (max-width: 900px) 100vw, 900px\" \/><\/a><\/p>\n<p><a href=\"http:\/\/haus-roswitha.at\/wp-content\/uploads\/2018\/12\/IMG_5476.jpg\"><img loading=\"lazy\" decoding=\"async\" class=\"aligncenter wp-image-933\" src=\"http:\/\/haus-roswitha.at\/wp-content\/uploads\/2018\/12\/IMG_5476-300x200.jpg\" alt=\"\" width=\"900\" height=\"600\" srcset=\"https:\/\/haus-roswitha.at\/wp-content\/uploads\/2018\/12\/IMG_5476-300x200.jpg 300w, https:\/\/haus-roswitha.at\/wp-content\/uploads\/2018\/12\/IMG_5476-768x512.jpg 768w, https:\/\/haus-roswitha.at\/wp-content\/uploads\/2018\/12\/IMG_5476-1024x683.jpg 1024w, https:\/\/haus-roswitha.at\/wp-content\/uploads\/2018\/12\/IMG_5476-75x50.jpg 75w\" sizes=\"auto, (max-width: 900px) 100vw, 900px\" \/><\/a><\/p>\n<p><a href=\"http:\/\/haus-roswitha.at\/wp-content\/uploads\/2018\/12\/IMG_5470.jpg\"><img loading=\"lazy\" decoding=\"async\" class=\"aligncenter wp-image-932\" src=\"http:\/\/haus-roswitha.at\/wp-content\/uploads\/2018\/12\/IMG_5470-300x188.jpg\" alt=\"\" width=\"900\" height=\"563\" srcset=\"https:\/\/haus-roswitha.at\/wp-content\/uploads\/2018\/12\/IMG_5470-300x188.jpg 300w, https:\/\/haus-roswitha.at\/wp-content\/uploads\/2018\/12\/IMG_5470-768x480.jpg 768w, https:\/\/haus-roswitha.at\/wp-content\/uploads\/2018\/12\/IMG_5470-1024x640.jpg 1024w\" sizes=\"auto, (max-width: 900px) 100vw, 900px\" \/><\/a><\/p>\n","protected":false},"excerpt":{"rendered":"<p>Abgeschlossene 4 Personenwohnung mit zwei Doppelbettzimmer, DU, WC sowie eine Wohnk\u00fcche. In der Wohnung befindet sich: Bettw\u00e4sche, Dusch- und Handt\u00fccher, Safe, SAT\/TV, Radio, F\u00f6hn ,4-Platten Herd, Backrohr.<\/p>\n","protected":false},"author":1,"featured_media":0,"parent":0,"menu_order":2,"comment_status":"closed","ping_status":"closed","template":"","meta":{"footnotes":""},"class_list":["post-427","page","type-page","status-publish","hentry"],"_links":{"self":[{"href":"https:\/\/haus-roswitha.at\/index.php?rest_route=\/wp\/v2\/pages\/427","targetHints":{"allow":["GET"]}}],"collection":[{"href":"https:\/\/haus-roswitha.at\/index.php?rest_route=\/wp\/v2\/pages"}],"about":[{"href":"https:\/\/haus-roswitha.at\/index.php?rest_route=\/wp\/v2\/types\/page"}],"author":[{"embeddable":true,"href":"https:\/\/haus-roswitha.at\/index.php?rest_route=\/wp\/v2\/users\/1"}],"replies":[{"embeddable":true,"href":"https:\/\/haus-roswitha.at\/index.php?rest_route=%2Fwp%2Fv2%2Fcomments&post=427"}],"version-history":[{"count":32,"href":"https:\/\/haus-roswitha.at\/index.php?rest_route=\/wp\/v2\/pages\/427\/revisions"}],"predecessor-version":[{"id":1294,"href":"https:\/\/haus-roswitha.at\/index.php?rest_route=\/wp\/v2\/pages\/427\/revisions\/1294"}],"wp:attachment":[{"href":"https:\/\/haus-roswitha.at\/index.php?rest_route=%2Fwp%2Fv2%2Fmedia&parent=427"}],"curies":[{"name":"wp","href":"https:\/\/api.w.org\/{rel}","templated":true}]}}