{"id":403,"date":"2015-09-11T17:50:42","date_gmt":"2015-09-11T17:50:42","guid":{"rendered":"http:\/\/wp4.damuhl.hated.at\/?page_id=403"},"modified":"2023-07-14T15:13:52","modified_gmt":"2023-07-14T15:13:52","slug":"wohnung-1-furka","status":"publish","type":"page","link":"https:\/\/haus-roswitha.at\/?page_id=403","title":{"rendered":"Wohnung 1 &#8211; Furka"},"content":{"rendered":"<p>Abgeschlossene 2-3 Personenwohnung mit einem Doppelbettzimmer und einem Zustellbett, DU, WC sowie eine Wohnk\u00fcche. In der Wohnung befindet sich, Bettw\u00e4sche, Dusch- und Handt\u00fccher, Safe, SAT\/TV, Radio, F\u00f6hn, 4-Platten Herd, Backofen.<\/p>\n<p><a href=\"http:\/\/haus-roswitha.at\/wp-content\/uploads\/2015\/09\/Furka.png\"><img loading=\"lazy\" decoding=\"async\" class=\"aligncenter wp-image-652\" src=\"http:\/\/wp4.damuhl.hated.at\/wp-content\/uploads\/2015\/09\/Furka-300x233.png\" alt=\"furka\" width=\"900\" height=\"698\" srcset=\"https:\/\/haus-roswitha.at\/wp-content\/uploads\/2015\/09\/Furka-300x233.png 300w, https:\/\/haus-roswitha.at\/wp-content\/uploads\/2015\/09\/Furka-768x596.png 768w, https:\/\/haus-roswitha.at\/wp-content\/uploads\/2015\/09\/Furka-1024x794.png 1024w, https:\/\/haus-roswitha.at\/wp-content\/uploads\/2015\/09\/Furka.png 1363w\" sizes=\"auto, (max-width: 900px) 100vw, 900px\" \/><\/a><\/p>\n<p><a href=\"http:\/\/haus-roswitha.at\/wp-content\/uploads\/2020\/07\/wohnk_che__wohnung_1.jpg\"><img loading=\"lazy\" decoding=\"async\" class=\"aligncenter wp-image-1036\" src=\"http:\/\/haus-roswitha.at\/wp-content\/uploads\/2020\/07\/wohnk_che__wohnung_1-225x300.jpg\" alt=\"\" width=\"900\" height=\"1200\" srcset=\"https:\/\/haus-roswitha.at\/wp-content\/uploads\/2020\/07\/wohnk_che__wohnung_1-225x300.jpg 225w, https:\/\/haus-roswitha.at\/wp-content\/uploads\/2020\/07\/wohnk_che__wohnung_1-768x1024.jpg 768w, https:\/\/haus-roswitha.at\/wp-content\/uploads\/2020\/07\/wohnk_che__wohnung_1-1152x1536.jpg 1152w, https:\/\/haus-roswitha.at\/wp-content\/uploads\/2020\/07\/wohnk_che__wohnung_1.jpg 1536w\" sizes=\"auto, (max-width: 900px) 100vw, 900px\" \/><\/a><\/p>\n<p><a href=\"http:\/\/haus-roswitha.at\/wp-content\/uploads\/2020\/07\/schlafzimmer_wohnung_1.jpg\"><img loading=\"lazy\" decoding=\"async\" class=\"aligncenter wp-image-1035\" src=\"http:\/\/haus-roswitha.at\/wp-content\/uploads\/2020\/07\/schlafzimmer_wohnung_1-300x225.jpg\" alt=\"\" width=\"900\" height=\"675\" srcset=\"https:\/\/haus-roswitha.at\/wp-content\/uploads\/2020\/07\/schlafzimmer_wohnung_1-300x225.jpg 300w, https:\/\/haus-roswitha.at\/wp-content\/uploads\/2020\/07\/schlafzimmer_wohnung_1-1024x768.jpg 1024w, https:\/\/haus-roswitha.at\/wp-content\/uploads\/2020\/07\/schlafzimmer_wohnung_1-768x576.jpg 768w, https:\/\/haus-roswitha.at\/wp-content\/uploads\/2020\/07\/schlafzimmer_wohnung_1-1536x1152.jpg 1536w, https:\/\/haus-roswitha.at\/wp-content\/uploads\/2020\/07\/schlafzimmer_wohnung_1.jpg 2048w\" sizes=\"auto, (max-width: 900px) 100vw, 900px\" \/><\/a><\/p>\n<p><a href=\"http:\/\/haus-roswitha.at\/wp-content\/uploads\/2018\/12\/IMG_5492.jpg\"><img loading=\"lazy\" decoding=\"async\" class=\"aligncenter wp-image-894\" src=\"http:\/\/haus-roswitha.at\/wp-content\/uploads\/2018\/12\/IMG_5492-300x200.jpg\" alt=\"\" width=\"900\" height=\"600\" srcset=\"https:\/\/haus-roswitha.at\/wp-content\/uploads\/2018\/12\/IMG_5492-300x200.jpg 300w, https:\/\/haus-roswitha.at\/wp-content\/uploads\/2018\/12\/IMG_5492-768x512.jpg 768w, https:\/\/haus-roswitha.at\/wp-content\/uploads\/2018\/12\/IMG_5492-1024x683.jpg 1024w, https:\/\/haus-roswitha.at\/wp-content\/uploads\/2018\/12\/IMG_5492-75x50.jpg 75w\" sizes=\"auto, (max-width: 900px) 100vw, 900px\" \/><\/a><\/p>\n","protected":false},"excerpt":{"rendered":"<p>Abgeschlossene 2-3 Personenwohnung mit einem Doppelbettzimmer und einem Zustellbett, DU, WC sowie eine Wohnk\u00fcche. In der Wohnung befindet sich, Bettw\u00e4sche, Dusch- und Handt\u00fccher, Safe, SAT\/TV, Radio, F\u00f6hn, 4-Platten Herd, Backofen.<\/p>\n","protected":false},"author":1,"featured_media":0,"parent":0,"menu_order":1,"comment_status":"closed","ping_status":"closed","template":"","meta":{"footnotes":""},"class_list":["post-403","page","type-page","status-publish","hentry"],"_links":{"self":[{"href":"https:\/\/haus-roswitha.at\/index.php?rest_route=\/wp\/v2\/pages\/403","targetHints":{"allow":["GET"]}}],"collection":[{"href":"https:\/\/haus-roswitha.at\/index.php?rest_route=\/wp\/v2\/pages"}],"about":[{"href":"https:\/\/haus-roswitha.at\/index.php?rest_route=\/wp\/v2\/types\/page"}],"author":[{"embeddable":true,"href":"https:\/\/haus-roswitha.at\/index.php?rest_route=\/wp\/v2\/users\/1"}],"replies":[{"embeddable":true,"href":"https:\/\/haus-roswitha.at\/index.php?rest_route=%2Fwp%2Fv2%2Fcomments&post=403"}],"version-history":[{"count":44,"href":"https:\/\/haus-roswitha.at\/index.php?rest_route=\/wp\/v2\/pages\/403\/revisions"}],"predecessor-version":[{"id":1205,"href":"https:\/\/haus-roswitha.at\/index.php?rest_route=\/wp\/v2\/pages\/403\/revisions\/1205"}],"wp:attachment":[{"href":"https:\/\/haus-roswitha.at\/index.php?rest_route=%2Fwp%2Fv2%2Fmedia&parent=403"}],"curies":[{"name":"wp","href":"https:\/\/api.w.org\/{rel}","templated":true}]}}